{"id":15,"date":"2026-04-20T19:10:34","date_gmt":"2026-04-20T18:10:34","guid":{"rendered":"https:\/\/4sv.io\/?page_id=15"},"modified":"2026-04-20T20:47:18","modified_gmt":"2026-04-20T19:47:18","slug":"kontakt","status":"publish","type":"page","link":"https:\/\/4sv.io\/pl\/contact\/","title":{"rendered":"Kontakt"},"content":{"rendered":"","protected":false},"excerpt":{"rendered":"","protected":false},"author":1,"featured_media":0,"parent":0,"menu_order":0,"comment_status":"closed","ping_status":"closed","template":"page-contact.php","meta":{"footnotes":""},"class_list":["post-15","page","type-page","status-publish","hentry"],"yoast_head":"<!-- This site is optimized with the Yoast SEO plugin v27.4 - https:\/\/yoast.com\/product\/yoast-seo-wordpress\/ -->\n<title>Contact Us - Get Support &amp; Assistance | 4 SV AI<\/title>\n<meta name=\"description\" content=\"Contact 4 SV AI for support, account help, and general inquiries. Our team is ready to assist you with setup, platform guidance, and any questions about using the AI investing platform.\" \/>\n<meta name=\"robots\" content=\"index, follow, max-snippet:-1, max-image-preview:large, max-video-preview:-1\" \/>\n<link rel=\"canonical\" href=\"https:\/\/4sv.io\/pl\/kontakt\/\" \/>\n<meta property=\"og:locale\" content=\"pl_PL\" \/>\n<meta property=\"og:type\" content=\"article\" \/>\n<meta property=\"og:title\" content=\"Contact Us - Get Support &amp; Assistance | 4 SV AI\" \/>\n<meta property=\"og:description\" content=\"Contact 4 SV AI for support, account help, and general inquiries. Our team is ready to assist you with setup, platform guidance, and any questions about using the AI investing platform.\" \/>\n<meta property=\"og:url\" content=\"https:\/\/4sv.io\/pl\/kontakt\/\" \/>\n<meta property=\"og:site_name\" content=\"4 SV AI\" \/>\n<meta property=\"article:modified_time\" content=\"2026-04-20T19:47:18+00:00\" \/>\n<meta name=\"twitter:card\" content=\"summary_large_image\" \/>\n<script type=\"application\/ld+json\" class=\"yoast-schema-graph\">{\"@context\":\"https:\\\/\\\/schema.org\",\"@graph\":[{\"@type\":\"WebPage\",\"@id\":\"https:\\\/\\\/4sv.io\\\/contact\\\/\",\"url\":\"https:\\\/\\\/4sv.io\\\/contact\\\/\",\"name\":\"Contact Us - Get Support & Assistance | 4 SV AI\",\"isPartOf\":{\"@id\":\"https:\\\/\\\/4sv.io\\\/#website\"},\"datePublished\":\"2026-04-20T18:10:34+00:00\",\"dateModified\":\"2026-04-20T19:47:18+00:00\",\"description\":\"Contact 4 SV AI for support, account help, and general inquiries. Our team is ready to assist you with setup, platform guidance, and any questions about using the AI investing platform.\",\"breadcrumb\":{\"@id\":\"https:\\\/\\\/4sv.io\\\/contact\\\/#breadcrumb\"},\"inLanguage\":\"pl-PL\",\"potentialAction\":[{\"@type\":\"ReadAction\",\"target\":[\"https:\\\/\\\/4sv.io\\\/contact\\\/\"]}]},{\"@type\":\"BreadcrumbList\",\"@id\":\"https:\\\/\\\/4sv.io\\\/contact\\\/#breadcrumb\",\"itemListElement\":[{\"@type\":\"ListItem\",\"position\":1,\"name\":\"Home\",\"item\":\"https:\\\/\\\/4sv.io\\\/\"},{\"@type\":\"ListItem\",\"position\":2,\"name\":\"Contact\"}]},{\"@type\":\"WebSite\",\"@id\":\"https:\\\/\\\/4sv.io\\\/#website\",\"url\":\"https:\\\/\\\/4sv.io\\\/\",\"name\":\"4 SV AI\",\"description\":\"4 SV AI\",\"publisher\":{\"@id\":\"https:\\\/\\\/4sv.io\\\/#organization\"},\"potentialAction\":[{\"@type\":\"SearchAction\",\"target\":{\"@type\":\"EntryPoint\",\"urlTemplate\":\"https:\\\/\\\/4sv.io\\\/?s={search_term_string}\"},\"query-input\":{\"@type\":\"PropertyValueSpecification\",\"valueRequired\":true,\"valueName\":\"search_term_string\"}}],\"inLanguage\":\"pl-PL\"},{\"@type\":\"Organization\",\"@id\":\"https:\\\/\\\/4sv.io\\\/#organization\",\"name\":\"4 SV AI\",\"url\":\"https:\\\/\\\/4sv.io\\\/\",\"logo\":{\"@type\":\"ImageObject\",\"inLanguage\":\"pl-PL\",\"@id\":\"https:\\\/\\\/4sv.io\\\/#\\\/schema\\\/logo\\\/image\\\/\",\"url\":\"https:\\\/\\\/4sv.io\\\/wp-content\\\/uploads\\\/2026\\\/04\\\/logo-2.png\",\"contentUrl\":\"https:\\\/\\\/4sv.io\\\/wp-content\\\/uploads\\\/2026\\\/04\\\/logo-2.png\",\"width\":800,\"height\":179,\"caption\":\"4 SV AI\"},\"image\":{\"@id\":\"https:\\\/\\\/4sv.io\\\/#\\\/schema\\\/logo\\\/image\\\/\"}}]}<\/script>\n<!-- \/ Yoast SEO plugin. -->","yoast_head_json":{"title":"Skontaktuj si\u0119 z nami \u2013 Uzyskaj wsparcie i pomoc | 4 SV AI","description":"Skontaktuj si\u0119 z 4 SV AI, aby uzyska\u0107 wsparcie, pomoc dotycz\u0105c\u0105 konta i og\u00f3lne zapytania. Nasz zesp\u00f3\u0142 jest gotowy pom\u00f3c Ci w konfiguracji, doradzi\u0107 w kwestii platformy i odpowiedzie\u0107 na wszelkie pytania dotycz\u0105ce korzystania z platformy inwestycyjnej AI.","robots":{"index":"index","follow":"follow","max-snippet":"max-snippet:-1","max-image-preview":"max-image-preview:large","max-video-preview":"max-video-preview:-1"},"canonical":"https:\/\/4sv.io\/pl\/kontakt\/","og_locale":"pl_PL","og_type":"article","og_title":"Contact Us - Get Support & Assistance | 4 SV AI","og_description":"Contact 4 SV AI for support, account help, and general inquiries. Our team is ready to assist you with setup, platform guidance, and any questions about using the AI investing platform.","og_url":"https:\/\/4sv.io\/pl\/kontakt\/","og_site_name":"4 SV AI","article_modified_time":"2026-04-20T19:47:18+00:00","twitter_card":"summary_large_image","schema":{"@context":"https:\/\/schema.org","@graph":[{"@type":"WebPage","@id":"https:\/\/4sv.io\/contact\/","url":"https:\/\/4sv.io\/contact\/","name":"Skontaktuj si\u0119 z nami \u2013 Uzyskaj wsparcie i pomoc | 4 SV AI","isPartOf":{"@id":"https:\/\/4sv.io\/#website"},"datePublished":"2026-04-20T18:10:34+00:00","dateModified":"2026-04-20T19:47:18+00:00","description":"Skontaktuj si\u0119 z 4 SV AI, aby uzyska\u0107 wsparcie, pomoc dotycz\u0105c\u0105 konta i og\u00f3lne zapytania. Nasz zesp\u00f3\u0142 jest gotowy pom\u00f3c Ci w konfiguracji, doradzi\u0107 w kwestii platformy i odpowiedzie\u0107 na wszelkie pytania dotycz\u0105ce korzystania z platformy inwestycyjnej AI.","breadcrumb":{"@id":"https:\/\/4sv.io\/contact\/#breadcrumb"},"inLanguage":"pl-PL","potentialAction":[{"@type":"ReadAction","target":["https:\/\/4sv.io\/contact\/"]}]},{"@type":"BreadcrumbList","@id":"https:\/\/4sv.io\/contact\/#breadcrumb","itemListElement":[{"@type":"ListItem","position":1,"name":"Home","item":"https:\/\/4sv.io\/"},{"@type":"ListItem","position":2,"name":"Contact"}]},{"@type":"WebSite","@id":"https:\/\/4sv.io\/#website","url":"https:\/\/4sv.io\/","name":"4 SV AI","description":"4 SV AI","publisher":{"@id":"https:\/\/4sv.io\/#organization"},"potentialAction":[{"@type":"SearchAction","target":{"@type":"EntryPoint","urlTemplate":"https:\/\/4sv.io\/?s={search_term_string}"},"query-input":{"@type":"PropertyValueSpecification","valueRequired":true,"valueName":"search_term_string"}}],"inLanguage":"pl-PL"},{"@type":"Organization","@id":"https:\/\/4sv.io\/#organization","name":"4 SV AI","url":"https:\/\/4sv.io\/","logo":{"@type":"ImageObject","inLanguage":"pl-PL","@id":"https:\/\/4sv.io\/#\/schema\/logo\/image\/","url":"https:\/\/4sv.io\/wp-content\/uploads\/2026\/04\/logo-2.png","contentUrl":"https:\/\/4sv.io\/wp-content\/uploads\/2026\/04\/logo-2.png","width":800,"height":179,"caption":"4 SV AI"},"image":{"@id":"https:\/\/4sv.io\/#\/schema\/logo\/image\/"}}]}},"_links":{"self":[{"href":"https:\/\/4sv.io\/pl\/wp-json\/wp\/v2\/pages\/15","targetHints":{"allow":["GET"]}}],"collection":[{"href":"https:\/\/4sv.io\/pl\/wp-json\/wp\/v2\/pages"}],"about":[{"href":"https:\/\/4sv.io\/pl\/wp-json\/wp\/v2\/types\/page"}],"author":[{"embeddable":true,"href":"https:\/\/4sv.io\/pl\/wp-json\/wp\/v2\/users\/1"}],"replies":[{"embeddable":true,"href":"https:\/\/4sv.io\/pl\/wp-json\/wp\/v2\/comments?post=15"}],"version-history":[{"count":1,"href":"https:\/\/4sv.io\/pl\/wp-json\/wp\/v2\/pages\/15\/revisions"}],"predecessor-version":[{"id":20,"href":"https:\/\/4sv.io\/pl\/wp-json\/wp\/v2\/pages\/15\/revisions\/20"}],"wp:attachment":[{"href":"https:\/\/4sv.io\/pl\/wp-json\/wp\/v2\/media?parent=15"}],"curies":[{"name":"wp","href":"https:\/\/api.w.org\/{rel}","templated":true}]}}